{"id":1277,"date":"2026-03-17T17:01:49","date_gmt":"2026-03-17T16:01:49","guid":{"rendered":"https:\/\/fr-scv.fr\/?page_id=1277"},"modified":"2026-04-21T10:44:05","modified_gmt":"2026-04-21T08:44:05","slug":"gip-accueil","status":"publish","type":"page","link":"https:\/\/fr-scv.fr\/","title":{"rendered":"GIP Accueil"},"content":{"rendered":"\n<!-- Delete Title without editing theme -->\n<script>\n    document.querySelector('.entry-header').remove();\n<\/script>\n \n<section>\n    <p><strong>Accueil du projet Get-In-Past<\/strong><\/p>\n\n    <p>\n        Le projet <em>Get-In-Past<\/em> est une initiative interdisciplinaire innovante\n        qui conjugue histoire de la danse, intelligence artificielle et r\u00e9alit\u00e9 virtuelle.\n        Accueilli au sein de la <a href=\"https:\/\/fr-scv.univ-lille.fr\/\">F\u00e9d\u00e9ration de Recherche Sciences et Cultures du Visuel<\/a> \n        (SCV, FR2052, CNRS \/ Universit\u00e9 de Lille \/ Centrale Lille), ce projet ambitieux\n        a pour objectif de restituer les danses baroques du XVIII\u1d49 si\u00e8cle, en s\u2019appuyant\n        sur l\u2019\u00e9tude du manuscrit r\u00e9dig\u00e9 par Auguste Ferr\u00e8re, ma\u00eetre de ballet, \u00e0 l\u2019occasion\n        d\u2019une repr\u00e9sentation effectu\u00e9e \u00e0 Valenciennes en 1782.\n    <\/p>\n<\/section>\n\n\n\n<div class=\"video-container\">\n    <iframe\n        src=\"https:\/\/pod.univ-lille.fr\/video\/46808-get_in_past_infobullemp4\/bb8c5f5d-0520-44fa-8faa-5a71109e53be\/?is_iframe=true\"\n        allowfullscreen title=\"Get_In_Past_Infobulle.mp4\"><\/iframe>\n<\/div>\n\n\n\n<section>\n    <h2>Les diff\u00e9rentes parties du projet pr\u00e9sent\u00e9es dans l\u2019application<\/h2>\n\n    <ol>\n        <li>\n            <strong>\u00c0 propos :<\/strong>\n            Cette section pr\u00e9sente le projet Get-In-Past, les aspects de la danse baroque,\n            les \u00e9tapes du projet ainsi que le contexte historique.\n        <\/li>\n\n        <li>\n            <strong>D\u00e9tection et Retranscription <\/strong>\n            D\u00e9monstration d&rsquo;un mod\u00e8le d&rsquo;intelligence artificielle de vision par ordinateur, entra\u00een\u00e9 sur les mouvements\n            du manuscrit Beauchamp-Feuillet permettant de\n            d\u00e9tecter les gestes et de les connecter \u00e0 une application Unity afin que l\u2019agent\n            virtuel restitue les mouvements d\u00e9tect\u00e9s.\n        <\/li>\n\n        <li>\n            <strong>Motion Capture :<\/strong>\n            Pr\u00e9sentation de la m\u00e9thodologie de num\u00e9risation de la danse\n        <\/li>\n\n        <li>\n            <strong>Th\u00e9\u00e2tre :<\/strong>\n            Cet onglet pr\u00e9sente tous les aspects de la mod\u00e9lisation 3D du th\u00e9\u00e2tre.\n        <\/li>\n\n        <li>\n            <strong>Costumes :<\/strong>\n            D\u00e9tails sur la r\u00e9alisation des costumes port\u00e9s par les agents virtuels dansants\n        <\/li>\n\n        <li>\n            <strong>M\u00e9diation :<\/strong>\n            \u00c9v\u00e9nements et communications autour du projet Get In Past\n        <\/li>\n\n        <li>\n            <strong>Articles :<\/strong>\n            Articles et publications r\u00e9alis\u00e9es dans le cadre de Get In Past\n        <\/li>\n    <\/ol>\n<\/section>\n\n\n<div class=\"wp-block-image\">\n<figure data-wp-context=\"{&quot;imageId&quot;:&quot;69f71fcd5d656&quot;}\" data-wp-interactive=\"core\/image\" data-wp-key=\"69f71fcd5d656\" class=\"aligncenter size-large wp-lightbox-container\"><img loading=\"lazy\" decoding=\"async\" width=\"1024\" height=\"106\" data-wp-class--hide=\"state.isContentHidden\" data-wp-class--show=\"state.isContentVisible\" data-wp-init=\"callbacks.setButtonStyles\" data-wp-on--click=\"actions.showLightbox\" data-wp-on--load=\"callbacks.setButtonStyles\" data-wp-on-window--resize=\"callbacks.setButtonStyles\" src=\"http:\/\/fr-scv.fr\/wp-content\/uploads\/2026\/03\/GIP_BandeauLOGO-1024x106.jpg\" alt=\"\" class=\"wp-image-1623\" srcset=\"https:\/\/fr-scv.fr\/wp-content\/uploads\/2026\/03\/GIP_BandeauLOGO-1024x106.jpg 1024w, https:\/\/fr-scv.fr\/wp-content\/uploads\/2026\/03\/GIP_BandeauLOGO-300x31.jpg 300w, https:\/\/fr-scv.fr\/wp-content\/uploads\/2026\/03\/GIP_BandeauLOGO-768x80.jpg 768w, https:\/\/fr-scv.fr\/wp-content\/uploads\/2026\/03\/GIP_BandeauLOGO-1536x160.jpg 1536w, https:\/\/fr-scv.fr\/wp-content\/uploads\/2026\/03\/GIP_BandeauLOGO-2048x213.jpg 2048w\" sizes=\"auto, (max-width: 767px) 89vw, (max-width: 1000px) 54vw, (max-width: 1071px) 543px, 580px\" \/><button\n\t\t\tclass=\"lightbox-trigger\"\n\t\t\ttype=\"button\"\n\t\t\taria-haspopup=\"dialog\"\n\t\t\taria-label=\"Agrandir\"\n\t\t\tdata-wp-init=\"callbacks.initTriggerButton\"\n\t\t\tdata-wp-on--click=\"actions.showLightbox\"\n\t\t\tdata-wp-style--right=\"state.imageButtonRight\"\n\t\t\tdata-wp-style--top=\"state.imageButtonTop\"\n\t\t>\n\t\t\t<svg xmlns=\"http:\/\/www.w3.org\/2000\/svg\" width=\"12\" height=\"12\" fill=\"none\" viewBox=\"0 0 12 12\">\n\t\t\t\t<path fill=\"#fff\" d=\"M2 0a2 2 0 0 0-2 2v2h1.5V2a.5.5 0 0 1 .5-.5h2V0H2Zm2 10.5H2a.5.5 0 0 1-.5-.5V8H0v2a2 2 0 0 0 2 2h2v-1.5ZM8 12v-1.5h2a.5.5 0 0 0 .5-.5V8H12v2a2 2 0 0 1-2 2H8Zm2-12a2 2 0 0 1 2 2v2h-1.5V2a.5.5 0 0 0-.5-.5H8V0h2Z\" \/>\n\t\t\t<\/svg>\n\t\t<\/button><\/figure>\n<\/div>\n\n\n<p><\/p>\n","protected":false},"excerpt":{"rendered":"<p>Accueil du projet Get-In-Past Le projet Get-In-Past est une initiative interdisciplinaire innovante qui conjugue histoire de la danse, intelligence artificielle et r\u00e9alit\u00e9 virtuelle. Accueilli au sein de la F\u00e9d\u00e9ration de Recherche Sciences et Cultures du Visuel (SCV, FR2052, CNRS \/ Universit\u00e9 de Lille \/ Centrale Lille), ce projet ambitieux a pour objectif de restituer les &hellip; <\/p>\n<p class=\"link-more\"><a href=\"https:\/\/fr-scv.fr\/\" class=\"more-link\">Continuer la lecture<span class=\"screen-reader-text\"> de &laquo;&nbsp;GIP Accueil&nbsp;&raquo;<\/span><\/a><\/p>\n","protected":false},"author":4,"featured_media":0,"parent":0,"menu_order":0,"comment_status":"closed","ping_status":"closed","template":"","meta":{"footnotes":""},"class_list":["post-1277","page","type-page","status-publish","hentry"],"_links":{"self":[{"href":"https:\/\/fr-scv.fr\/index.php?rest_route=\/wp\/v2\/pages\/1277","targetHints":{"allow":["GET"]}}],"collection":[{"href":"https:\/\/fr-scv.fr\/index.php?rest_route=\/wp\/v2\/pages"}],"about":[{"href":"https:\/\/fr-scv.fr\/index.php?rest_route=\/wp\/v2\/types\/page"}],"author":[{"embeddable":true,"href":"https:\/\/fr-scv.fr\/index.php?rest_route=\/wp\/v2\/users\/4"}],"replies":[{"embeddable":true,"href":"https:\/\/fr-scv.fr\/index.php?rest_route=%2Fwp%2Fv2%2Fcomments&post=1277"}],"version-history":[{"count":31,"href":"https:\/\/fr-scv.fr\/index.php?rest_route=\/wp\/v2\/pages\/1277\/revisions"}],"predecessor-version":[{"id":1687,"href":"https:\/\/fr-scv.fr\/index.php?rest_route=\/wp\/v2\/pages\/1277\/revisions\/1687"}],"wp:attachment":[{"href":"https:\/\/fr-scv.fr\/index.php?rest_route=%2Fwp%2Fv2%2Fmedia&parent=1277"}],"curies":[{"name":"wp","href":"https:\/\/api.w.org\/{rel}","templated":true}]}}