{"id":1334,"date":"2026-03-18T14:37:10","date_gmt":"2026-03-18T13:37:10","guid":{"rendered":"https:\/\/fr-scv.fr\/?page_id=1334"},"modified":"2026-03-24T15:16:11","modified_gmt":"2026-03-24T14:16:11","slug":"gip-detection","status":"publish","type":"page","link":"https:\/\/fr-scv.fr\/?page_id=1334","title":{"rendered":"GIP D\u00e9tection"},"content":{"rendered":"\n<!-- Delete Title without editing theme -->\n<script>\n    document.querySelector('.entry-header').remove();\n<\/script>\n\n<h1>D\u00e9tection<\/h1>\n\n<p>D\u00e9monstration de l&rsquo;application web local de Get In Past communiquant directement avec l&rsquo;application Unity pour interagir de diff\u00e9rentes fa\u00e7on avec les agents virtuels<\/p>\n<ol>\n  <li><b>D\u00e9tection <\/b>des mouvements de danse \u00e0 partir d\u2019une image. Gr\u00e2ce \u00e0 un mod\u00e8le d\u2019intelligence artificielle de vision par ordinateur, entra\u00een\u00e9 pour reconna\u00eetre la syntaxe Beauchamp-Feuillet<\/li>\n  <li><b>Exploration <\/b>libre de tous les mouvements connus dans la base de donn\u00e9es du mod\u00e8le<\/li>\n<\/ol>\n\n<div class=\"video-container\">\n    <iframe\n        src=\"https:\/\/pod.univ-lille.fr\/video\/46877-video-detectionmp4\/4f9b6303-3676-40cb-8e0f-ce8ff5f0d636\/?is_iframe=true\"\n        allowfullscreen title=\"Video Detection.mp4\"><\/iframe>\n<\/div>\n\n\n\n<p><\/p>\n","protected":false},"excerpt":{"rendered":"<p>D\u00e9tection D\u00e9monstration de l&rsquo;application web local de Get In Past communiquant directement avec l&rsquo;application Unity pour interagir de diff\u00e9rentes fa\u00e7on avec les agents virtuels D\u00e9tection des mouvements de danse \u00e0 partir d\u2019une image. Gr\u00e2ce \u00e0 un mod\u00e8le d\u2019intelligence artificielle de vision par ordinateur, entra\u00een\u00e9 pour reconna\u00eetre la syntaxe Beauchamp-Feuillet Exploration libre de tous les mouvements &hellip; <\/p>\n<p class=\"link-more\"><a href=\"https:\/\/fr-scv.fr\/?page_id=1334\" class=\"more-link\">Continuer la lecture<span class=\"screen-reader-text\"> de &laquo;&nbsp;GIP D\u00e9tection&nbsp;&raquo;<\/span><\/a><\/p>\n","protected":false},"author":4,"featured_media":0,"parent":0,"menu_order":0,"comment_status":"closed","ping_status":"closed","template":"","meta":{"footnotes":""},"class_list":["post-1334","page","type-page","status-publish","hentry"],"_links":{"self":[{"href":"https:\/\/fr-scv.fr\/index.php?rest_route=\/wp\/v2\/pages\/1334","targetHints":{"allow":["GET"]}}],"collection":[{"href":"https:\/\/fr-scv.fr\/index.php?rest_route=\/wp\/v2\/pages"}],"about":[{"href":"https:\/\/fr-scv.fr\/index.php?rest_route=\/wp\/v2\/types\/page"}],"author":[{"embeddable":true,"href":"https:\/\/fr-scv.fr\/index.php?rest_route=\/wp\/v2\/users\/4"}],"replies":[{"embeddable":true,"href":"https:\/\/fr-scv.fr\/index.php?rest_route=%2Fwp%2Fv2%2Fcomments&post=1334"}],"version-history":[{"count":16,"href":"https:\/\/fr-scv.fr\/index.php?rest_route=\/wp\/v2\/pages\/1334\/revisions"}],"predecessor-version":[{"id":1622,"href":"https:\/\/fr-scv.fr\/index.php?rest_route=\/wp\/v2\/pages\/1334\/revisions\/1622"}],"wp:attachment":[{"href":"https:\/\/fr-scv.fr\/index.php?rest_route=%2Fwp%2Fv2%2Fmedia&parent=1334"}],"curies":[{"name":"wp","href":"https:\/\/api.w.org\/{rel}","templated":true}]}}