{"id":1340,"date":"2026-03-18T14:42:57","date_gmt":"2026-03-18T13:42:57","guid":{"rendered":"https:\/\/fr-scv.fr\/?page_id=1340"},"modified":"2026-03-23T10:55:47","modified_gmt":"2026-03-23T09:55:47","slug":"gip-theatre","status":"publish","type":"page","link":"https:\/\/fr-scv.fr\/?page_id=1340","title":{"rendered":"GIP Th\u00e9\u00e2tre"},"content":{"rendered":"\n<!-- Delete Title without editing theme -->\n<script>\n    document.querySelector('.entry-header').remove();\n<\/script>\n\n<h1>Th\u00e9\u00e2tre<\/h1>\n\n<p>\n    Dans une d\u00e9marche de recherche-cr\u00e9ation, un pan du projet s\u2019est port\u00e9 sur la reconstitution historiquement inform\u00e9e\n    d\u2019un espace immersif qui permette de donner une id\u00e9e des conditions de repr\u00e9sentation dans un th\u00e9\u00e2tre du XVIIIe\n    si\u00e8cle.\n<\/p>\n\n<p>\n    Suite aux recherches historiques effectu\u00e9es dans le cadre du projet, il semblerait que la repr\u00e9sentation du ballet\n    \u00e9labor\u00e9 par Auguste Ferr\u00e8re se soit tenue dans un th\u00e9\u00e2tre provisoire en bois, construit dans la Cour du Paon, pr\u00e8s\n    du march\u00e9 aux herbes \u00e0 Valenciennes. De ce th\u00e9\u00e2tre, il ne nous reste cependant pas d\u2019archives : le seul document \u00e0\n    son sujet est un rapport de l\u2019architecte Laurent de Lomperet, localis\u00e9 en 1989, mais qui est aujourd\u2019hui introuvable\n    dans les fonds des Archives municipales de Valenciennes.\n<\/p>\n\n<p>\n    Notre choix de restitution s\u2019est alors port\u00e9 sur les plans du \u201cnouveau\u201d th\u00e9\u00e2tre de Valenciennes dont le projet de\n    construction est lanc\u00e9 en 1781 et qui est inaugur\u00e9 en 1784. Ils nous permettent d\u2019avoir des donn\u00e9es mat\u00e9rielles plus\n    pr\u00e9cises sur l\u2019apparence d\u2019un th\u00e9\u00e2tre de province \u00e0 cette \u00e9poque.\n<\/p>\n\n<p>\n    Les donn\u00e9es manquantes ont \u00e9t\u00e9 compl\u00e9t\u00e9es par des hypoth\u00e8ses historiquement inform\u00e9es \u00e0 partir du th\u00e9\u00e2tre du\n    Palais-Royal \u00e0 Paris et de celui de l\u2019Op\u00e9ra de Lyon. Un document conserv\u00e9 aux Archives d\u00e9partementales du Nord\n    atteste, en effet, l\u2019envoi d\u2019un commissaire des travaux du th\u00e9\u00e2tre des Valenciennes pour copier les plans de l\u2019Op\u00e9ra\n    de Lyon, r\u00e9alis\u00e9 par l\u2019architecte Soufflot.\n<\/p>\n\n<p>\n    La sc\u00e8ne, dont la plus grande largeur \u00e9tait de 12 m 95, abritait un d\u00e9cor permanent compos\u00e9 de 14 colonnes soutenant\n    une vo\u00fbte que l\u2019on conna\u00eet aujourd\u2019hui gr\u00e2ce au dessin du cadre de sc\u00e8ne qui a \u00e9t\u00e9 conserv\u00e9. Pour le reste des\n    mesures, nous nous sommes bas\u00e9s sur des plans du d\u00e9but du XIXe si\u00e8cle qui permettent notamment de renseigner\n    l\u2019exacte proportion de la profondeur de la sc\u00e8ne.\n<\/p>\n\n<p>\n    La conception de la machinerie a \u00e9t\u00e9 confi\u00e9e \u00e0 Bournier, machiniste de l\u2019Op\u00e9ra de Paris qui travaille \u00e0 Valenciennes\n    entre 1781 et 1783. On peut \u00e9mettre l\u2019hypoth\u00e8se que la machinerie du th\u00e9\u00e2tre de Valenciennes \u00e9tait certainement tr\u00e8s\n    proche de celle qu\u2019il d\u00e9crit dans les planches de l\u2019Encyclop\u00e9die.\n<\/p>\n\n\n\n<figure class=\"wp-block-gallery has-nested-images columns-default is-cropped wp-block-gallery-1 is-layout-flex wp-block-gallery-is-layout-flex\">\n<figure data-wp-context=\"{&quot;imageId&quot;:&quot;69f73863837f9&quot;}\" data-wp-interactive=\"core\/image\" data-wp-key=\"69f73863837f9\" class=\"wp-block-image size-large wp-lightbox-container\"><img loading=\"lazy\" decoding=\"async\" width=\"1024\" height=\"539\" data-wp-class--hide=\"state.isContentHidden\" data-wp-class--show=\"state.isContentVisible\" data-wp-init=\"callbacks.setButtonStyles\" data-wp-on--click=\"actions.showLightbox\" data-wp-on--load=\"callbacks.setButtonStyles\" data-wp-on-window--resize=\"callbacks.setButtonStyles\" data-id=\"1554\" src=\"https:\/\/fr-scv.fr\/wp-content\/uploads\/2026\/03\/Image-Sequence_016_0000-1024x539.png\" alt=\"\" class=\"wp-image-1554\" srcset=\"https:\/\/fr-scv.fr\/wp-content\/uploads\/2026\/03\/Image-Sequence_016_0000-1024x539.png 1024w, https:\/\/fr-scv.fr\/wp-content\/uploads\/2026\/03\/Image-Sequence_016_0000-300x158.png 300w, https:\/\/fr-scv.fr\/wp-content\/uploads\/2026\/03\/Image-Sequence_016_0000-768x404.png 768w, https:\/\/fr-scv.fr\/wp-content\/uploads\/2026\/03\/Image-Sequence_016_0000-1536x809.png 1536w, https:\/\/fr-scv.fr\/wp-content\/uploads\/2026\/03\/Image-Sequence_016_0000-2048x1078.png 2048w\" sizes=\"auto, (max-width: 767px) 89vw, (max-width: 1000px) 54vw, (max-width: 1071px) 543px, 580px\" \/><button\n\t\t\tclass=\"lightbox-trigger\"\n\t\t\ttype=\"button\"\n\t\t\taria-haspopup=\"dialog\"\n\t\t\taria-label=\"Agrandir\"\n\t\t\tdata-wp-init=\"callbacks.initTriggerButton\"\n\t\t\tdata-wp-on--click=\"actions.showLightbox\"\n\t\t\tdata-wp-style--right=\"state.imageButtonRight\"\n\t\t\tdata-wp-style--top=\"state.imageButtonTop\"\n\t\t>\n\t\t\t<svg xmlns=\"http:\/\/www.w3.org\/2000\/svg\" width=\"12\" height=\"12\" fill=\"none\" viewBox=\"0 0 12 12\">\n\t\t\t\t<path fill=\"#fff\" d=\"M2 0a2 2 0 0 0-2 2v2h1.5V2a.5.5 0 0 1 .5-.5h2V0H2Zm2 10.5H2a.5.5 0 0 1-.5-.5V8H0v2a2 2 0 0 0 2 2h2v-1.5ZM8 12v-1.5h2a.5.5 0 0 0 .5-.5V8H12v2a2 2 0 0 1-2 2H8Zm2-12a2 2 0 0 1 2 2v2h-1.5V2a.5.5 0 0 0-.5-.5H8V0h2Z\" \/>\n\t\t\t<\/svg>\n\t\t<\/button><\/figure>\n\n\n\n<figure data-wp-context=\"{&quot;imageId&quot;:&quot;69f7386383cbf&quot;}\" data-wp-interactive=\"core\/image\" data-wp-key=\"69f7386383cbf\" class=\"wp-block-image size-large wp-lightbox-container\"><img loading=\"lazy\" decoding=\"async\" width=\"1024\" height=\"539\" data-wp-class--hide=\"state.isContentHidden\" data-wp-class--show=\"state.isContentVisible\" data-wp-init=\"callbacks.setButtonStyles\" data-wp-on--click=\"actions.showLightbox\" data-wp-on--load=\"callbacks.setButtonStyles\" data-wp-on-window--resize=\"callbacks.setButtonStyles\" data-id=\"1553\" src=\"https:\/\/fr-scv.fr\/wp-content\/uploads\/2026\/03\/Image-Sequence_014_0000-1024x539.png\" alt=\"\" class=\"wp-image-1553\" srcset=\"https:\/\/fr-scv.fr\/wp-content\/uploads\/2026\/03\/Image-Sequence_014_0000-1024x539.png 1024w, https:\/\/fr-scv.fr\/wp-content\/uploads\/2026\/03\/Image-Sequence_014_0000-300x158.png 300w, https:\/\/fr-scv.fr\/wp-content\/uploads\/2026\/03\/Image-Sequence_014_0000-768x404.png 768w, https:\/\/fr-scv.fr\/wp-content\/uploads\/2026\/03\/Image-Sequence_014_0000-1536x809.png 1536w, https:\/\/fr-scv.fr\/wp-content\/uploads\/2026\/03\/Image-Sequence_014_0000-2048x1078.png 2048w\" sizes=\"auto, (max-width: 767px) 89vw, (max-width: 1000px) 54vw, (max-width: 1071px) 543px, 580px\" \/><button\n\t\t\tclass=\"lightbox-trigger\"\n\t\t\ttype=\"button\"\n\t\t\taria-haspopup=\"dialog\"\n\t\t\taria-label=\"Agrandir\"\n\t\t\tdata-wp-init=\"callbacks.initTriggerButton\"\n\t\t\tdata-wp-on--click=\"actions.showLightbox\"\n\t\t\tdata-wp-style--right=\"state.imageButtonRight\"\n\t\t\tdata-wp-style--top=\"state.imageButtonTop\"\n\t\t>\n\t\t\t<svg xmlns=\"http:\/\/www.w3.org\/2000\/svg\" width=\"12\" height=\"12\" fill=\"none\" viewBox=\"0 0 12 12\">\n\t\t\t\t<path fill=\"#fff\" d=\"M2 0a2 2 0 0 0-2 2v2h1.5V2a.5.5 0 0 1 .5-.5h2V0H2Zm2 10.5H2a.5.5 0 0 1-.5-.5V8H0v2a2 2 0 0 0 2 2h2v-1.5ZM8 12v-1.5h2a.5.5 0 0 0 .5-.5V8H12v2a2 2 0 0 1-2 2H8Zm2-12a2 2 0 0 1 2 2v2h-1.5V2a.5.5 0 0 0-.5-.5H8V0h2Z\" \/>\n\t\t\t<\/svg>\n\t\t<\/button><\/figure>\n\n\n\n<figure data-wp-context=\"{&quot;imageId&quot;:&quot;69f7386384087&quot;}\" data-wp-interactive=\"core\/image\" data-wp-key=\"69f7386384087\" class=\"wp-block-image size-large wp-lightbox-container\"><img loading=\"lazy\" decoding=\"async\" width=\"1024\" height=\"539\" data-wp-class--hide=\"state.isContentHidden\" data-wp-class--show=\"state.isContentVisible\" data-wp-init=\"callbacks.setButtonStyles\" data-wp-on--click=\"actions.showLightbox\" data-wp-on--load=\"callbacks.setButtonStyles\" data-wp-on-window--resize=\"callbacks.setButtonStyles\" data-id=\"1552\" src=\"https:\/\/fr-scv.fr\/wp-content\/uploads\/2026\/03\/Image-Sequence_017_0000-1024x539.png\" alt=\"\" class=\"wp-image-1552\" srcset=\"https:\/\/fr-scv.fr\/wp-content\/uploads\/2026\/03\/Image-Sequence_017_0000-1024x539.png 1024w, https:\/\/fr-scv.fr\/wp-content\/uploads\/2026\/03\/Image-Sequence_017_0000-300x158.png 300w, https:\/\/fr-scv.fr\/wp-content\/uploads\/2026\/03\/Image-Sequence_017_0000-768x404.png 768w, https:\/\/fr-scv.fr\/wp-content\/uploads\/2026\/03\/Image-Sequence_017_0000-1536x809.png 1536w, https:\/\/fr-scv.fr\/wp-content\/uploads\/2026\/03\/Image-Sequence_017_0000-2048x1078.png 2048w\" sizes=\"auto, (max-width: 767px) 89vw, (max-width: 1000px) 54vw, (max-width: 1071px) 543px, 580px\" \/><button\n\t\t\tclass=\"lightbox-trigger\"\n\t\t\ttype=\"button\"\n\t\t\taria-haspopup=\"dialog\"\n\t\t\taria-label=\"Agrandir\"\n\t\t\tdata-wp-init=\"callbacks.initTriggerButton\"\n\t\t\tdata-wp-on--click=\"actions.showLightbox\"\n\t\t\tdata-wp-style--right=\"state.imageButtonRight\"\n\t\t\tdata-wp-style--top=\"state.imageButtonTop\"\n\t\t>\n\t\t\t<svg xmlns=\"http:\/\/www.w3.org\/2000\/svg\" width=\"12\" height=\"12\" fill=\"none\" viewBox=\"0 0 12 12\">\n\t\t\t\t<path fill=\"#fff\" d=\"M2 0a2 2 0 0 0-2 2v2h1.5V2a.5.5 0 0 1 .5-.5h2V0H2Zm2 10.5H2a.5.5 0 0 1-.5-.5V8H0v2a2 2 0 0 0 2 2h2v-1.5ZM8 12v-1.5h2a.5.5 0 0 0 .5-.5V8H12v2a2 2 0 0 1-2 2H8Zm2-12a2 2 0 0 1 2 2v2h-1.5V2a.5.5 0 0 0-.5-.5H8V0h2Z\" \/>\n\t\t\t<\/svg>\n\t\t<\/button><\/figure>\n\n\n\n<figure data-wp-context=\"{&quot;imageId&quot;:&quot;69f738638444c&quot;}\" data-wp-interactive=\"core\/image\" data-wp-key=\"69f738638444c\" class=\"wp-block-image size-large wp-lightbox-container\"><img loading=\"lazy\" decoding=\"async\" width=\"760\" height=\"1024\" data-wp-class--hide=\"state.isContentHidden\" data-wp-class--show=\"state.isContentVisible\" data-wp-init=\"callbacks.setButtonStyles\" data-wp-on--click=\"actions.showLightbox\" data-wp-on--load=\"callbacks.setButtonStyles\" data-wp-on-window--resize=\"callbacks.setButtonStyles\" data-id=\"1551\" src=\"https:\/\/fr-scv.fr\/wp-content\/uploads\/2026\/03\/TheatrePlan2-760x1024.png\" alt=\"\" class=\"wp-image-1551\" srcset=\"https:\/\/fr-scv.fr\/wp-content\/uploads\/2026\/03\/TheatrePlan2-760x1024.png 760w, https:\/\/fr-scv.fr\/wp-content\/uploads\/2026\/03\/TheatrePlan2-223x300.png 223w, https:\/\/fr-scv.fr\/wp-content\/uploads\/2026\/03\/TheatrePlan2-768x1035.png 768w, https:\/\/fr-scv.fr\/wp-content\/uploads\/2026\/03\/TheatrePlan2-1140x1536.png 1140w, https:\/\/fr-scv.fr\/wp-content\/uploads\/2026\/03\/TheatrePlan2.png 1331w\" sizes=\"auto, (max-width: 706px) 89vw, (max-width: 767px) 82vw, 740px\" \/><button\n\t\t\tclass=\"lightbox-trigger\"\n\t\t\ttype=\"button\"\n\t\t\taria-haspopup=\"dialog\"\n\t\t\taria-label=\"Agrandir\"\n\t\t\tdata-wp-init=\"callbacks.initTriggerButton\"\n\t\t\tdata-wp-on--click=\"actions.showLightbox\"\n\t\t\tdata-wp-style--right=\"state.imageButtonRight\"\n\t\t\tdata-wp-style--top=\"state.imageButtonTop\"\n\t\t>\n\t\t\t<svg xmlns=\"http:\/\/www.w3.org\/2000\/svg\" width=\"12\" height=\"12\" fill=\"none\" viewBox=\"0 0 12 12\">\n\t\t\t\t<path fill=\"#fff\" d=\"M2 0a2 2 0 0 0-2 2v2h1.5V2a.5.5 0 0 1 .5-.5h2V0H2Zm2 10.5H2a.5.5 0 0 1-.5-.5V8H0v2a2 2 0 0 0 2 2h2v-1.5ZM8 12v-1.5h2a.5.5 0 0 0 .5-.5V8H12v2a2 2 0 0 1-2 2H8Zm2-12a2 2 0 0 1 2 2v2h-1.5V2a.5.5 0 0 0-.5-.5H8V0h2Z\" \/>\n\t\t\t<\/svg>\n\t\t<\/button><figcaption class=\"wp-element-caption\">Vue dessus : Superposition des plans mis \u00e0 l&rsquo;\u00e9chelle <\/figcaption><\/figure>\n\n\n\n<figure data-wp-context=\"{&quot;imageId&quot;:&quot;69f73863847f8&quot;}\" data-wp-interactive=\"core\/image\" data-wp-key=\"69f73863847f8\" class=\"wp-block-image size-large wp-lightbox-container\"><img loading=\"lazy\" decoding=\"async\" width=\"1024\" height=\"959\" data-wp-class--hide=\"state.isContentHidden\" data-wp-class--show=\"state.isContentVisible\" data-wp-init=\"callbacks.setButtonStyles\" data-wp-on--click=\"actions.showLightbox\" data-wp-on--load=\"callbacks.setButtonStyles\" data-wp-on-window--resize=\"callbacks.setButtonStyles\" data-id=\"1550\" src=\"https:\/\/fr-scv.fr\/wp-content\/uploads\/2026\/03\/TheatrePlan-scaled-e1774257919540-1024x959.png\" alt=\"\" class=\"wp-image-1550\" srcset=\"https:\/\/fr-scv.fr\/wp-content\/uploads\/2026\/03\/TheatrePlan-scaled-e1774257919540-1024x959.png 1024w, https:\/\/fr-scv.fr\/wp-content\/uploads\/2026\/03\/TheatrePlan-scaled-e1774257919540-300x281.png 300w, https:\/\/fr-scv.fr\/wp-content\/uploads\/2026\/03\/TheatrePlan-scaled-e1774257919540-768x719.png 768w, https:\/\/fr-scv.fr\/wp-content\/uploads\/2026\/03\/TheatrePlan-scaled-e1774257919540-1536x1439.png 1536w, https:\/\/fr-scv.fr\/wp-content\/uploads\/2026\/03\/TheatrePlan-scaled-e1774257919540.png 1655w\" sizes=\"auto, (max-width: 767px) 89vw, (max-width: 1000px) 54vw, (max-width: 1071px) 543px, 580px\" \/><button\n\t\t\tclass=\"lightbox-trigger\"\n\t\t\ttype=\"button\"\n\t\t\taria-haspopup=\"dialog\"\n\t\t\taria-label=\"Agrandir\"\n\t\t\tdata-wp-init=\"callbacks.initTriggerButton\"\n\t\t\tdata-wp-on--click=\"actions.showLightbox\"\n\t\t\tdata-wp-style--right=\"state.imageButtonRight\"\n\t\t\tdata-wp-style--top=\"state.imageButtonTop\"\n\t\t>\n\t\t\t<svg xmlns=\"http:\/\/www.w3.org\/2000\/svg\" width=\"12\" height=\"12\" fill=\"none\" viewBox=\"0 0 12 12\">\n\t\t\t\t<path fill=\"#fff\" d=\"M2 0a2 2 0 0 0-2 2v2h1.5V2a.5.5 0 0 1 .5-.5h2V0H2Zm2 10.5H2a.5.5 0 0 1-.5-.5V8H0v2a2 2 0 0 0 2 2h2v-1.5ZM8 12v-1.5h2a.5.5 0 0 0 .5-.5V8H12v2a2 2 0 0 1-2 2H8Zm2-12a2 2 0 0 1 2 2v2h-1.5V2a.5.5 0 0 0-.5-.5H8V0h2Z\" \/>\n\t\t\t<\/svg>\n\t\t<\/button><figcaption class=\"wp-element-caption\">Vue 3D Superposition des plans mis \u00e0 l&rsquo;\u00e9chelle <\/figcaption><\/figure>\n<\/figure>\n","protected":false},"excerpt":{"rendered":"<p>Th\u00e9\u00e2tre Dans une d\u00e9marche de recherche-cr\u00e9ation, un pan du projet s\u2019est port\u00e9 sur la reconstitution historiquement inform\u00e9e d\u2019un espace immersif qui permette de donner une id\u00e9e des conditions de repr\u00e9sentation dans un th\u00e9\u00e2tre du XVIIIe si\u00e8cle. Suite aux recherches historiques effectu\u00e9es dans le cadre du projet, il semblerait que la repr\u00e9sentation du ballet \u00e9labor\u00e9 par &hellip; <\/p>\n<p class=\"link-more\"><a href=\"https:\/\/fr-scv.fr\/?page_id=1340\" class=\"more-link\">Continuer la lecture<span class=\"screen-reader-text\"> de &laquo;&nbsp;GIP Th\u00e9\u00e2tre&nbsp;&raquo;<\/span><\/a><\/p>\n","protected":false},"author":4,"featured_media":0,"parent":0,"menu_order":0,"comment_status":"closed","ping_status":"closed","template":"","meta":{"footnotes":""},"class_list":["post-1340","page","type-page","status-publish","hentry"],"_links":{"self":[{"href":"https:\/\/fr-scv.fr\/index.php?rest_route=\/wp\/v2\/pages\/1340","targetHints":{"allow":["GET"]}}],"collection":[{"href":"https:\/\/fr-scv.fr\/index.php?rest_route=\/wp\/v2\/pages"}],"about":[{"href":"https:\/\/fr-scv.fr\/index.php?rest_route=\/wp\/v2\/types\/page"}],"author":[{"embeddable":true,"href":"https:\/\/fr-scv.fr\/index.php?rest_route=\/wp\/v2\/users\/4"}],"replies":[{"embeddable":true,"href":"https:\/\/fr-scv.fr\/index.php?rest_route=%2Fwp%2Fv2%2Fcomments&post=1340"}],"version-history":[{"count":14,"href":"https:\/\/fr-scv.fr\/index.php?rest_route=\/wp\/v2\/pages\/1340\/revisions"}],"predecessor-version":[{"id":1564,"href":"https:\/\/fr-scv.fr\/index.php?rest_route=\/wp\/v2\/pages\/1340\/revisions\/1564"}],"wp:attachment":[{"href":"https:\/\/fr-scv.fr\/index.php?rest_route=%2Fwp%2Fv2%2Fmedia&parent=1340"}],"curies":[{"name":"wp","href":"https:\/\/api.w.org\/{rel}","templated":true}]}}