{"id":1418,"date":"2026-03-18T17:23:15","date_gmt":"2026-03-18T16:23:15","guid":{"rendered":"https:\/\/fr-scv.fr\/?page_id=1418"},"modified":"2026-03-23T16:25:20","modified_gmt":"2026-03-23T15:25:20","slug":"gip-articles","status":"publish","type":"page","link":"https:\/\/fr-scv.fr\/?page_id=1418","title":{"rendered":"GIP Articles"},"content":{"rendered":"\n<!-- Delete Title without editing theme -->\n<script>\n    document.querySelector('.entry-header').remove();\n<\/script>\n\n\n\n<p><\/p>\n\n\n\n<h2 class=\"wp-block-heading\"><strong>HAL science ouverte<\/strong><\/h2>\n\n\n\n<p><em>Valoriser les donn\u00e9es de la recherche en danse : restituer et exp\u00e9rimenter les notations du XVIIIe si\u00e8cle avec le num\u00e9rique<\/em><\/p>\n\n\n\n<p><a href=\"https:\/\/hal.science\/hal-05421675v1\">https:\/\/hal.science\/hal-05421675v1<\/a><\/p>\n\n\n\n<p>17\/12\/2025<\/p>\n\n\n\n<h2 class=\"wp-block-heading\"><strong>CNRS Sciences humaines &amp; sociales<\/strong><\/h2>\n\n\n\n<p><em>Restituer et exp\u00e9rimenter les danses du XVIIIe si\u00e8cle gr\u00e2ce \u00e0 l\u2019intelligence artificielle et la r\u00e9alit\u00e9 virtuelle<\/em> <\/p>\n\n\n\n<p><a href=\"https:\/\/www.inshs.cnrs.fr\/fr\/cnrsinfo\/restituer-et-experimenter-les-danses-du-xviiie-siecle-grace-lintelligence-artificielle-et\">https:\/\/www.inshs.cnrs.fr\/fr\/cnrsinfo\/restituer-et-experimenter-les-danses-du-xviiie-siecle-grace-lintelligence-artificielle-et<\/a><\/p>\n\n\n\n<p>06\/05\/2025<\/p>\n\n\n\n<p><\/p>\n\n\n\n<p><\/p>\n","protected":false},"excerpt":{"rendered":"<p>HAL science ouverte Valoriser les donn\u00e9es de la recherche en danse : restituer et exp\u00e9rimenter les notations du XVIIIe si\u00e8cle avec le num\u00e9rique https:\/\/hal.science\/hal-05421675v1 17\/12\/2025 CNRS Sciences humaines &amp; sociales Restituer et exp\u00e9rimenter les danses du XVIIIe si\u00e8cle gr\u00e2ce \u00e0 l\u2019intelligence artificielle et la r\u00e9alit\u00e9 virtuelle https:\/\/www.inshs.cnrs.fr\/fr\/cnrsinfo\/restituer-et-experimenter-les-danses-du-xviiie-siecle-grace-lintelligence-artificielle-et 06\/05\/2025<\/p>\n","protected":false},"author":4,"featured_media":0,"parent":0,"menu_order":0,"comment_status":"closed","ping_status":"closed","template":"","meta":{"footnotes":""},"class_list":["post-1418","page","type-page","status-publish","hentry"],"_links":{"self":[{"href":"https:\/\/fr-scv.fr\/index.php?rest_route=\/wp\/v2\/pages\/1418","targetHints":{"allow":["GET"]}}],"collection":[{"href":"https:\/\/fr-scv.fr\/index.php?rest_route=\/wp\/v2\/pages"}],"about":[{"href":"https:\/\/fr-scv.fr\/index.php?rest_route=\/wp\/v2\/types\/page"}],"author":[{"embeddable":true,"href":"https:\/\/fr-scv.fr\/index.php?rest_route=\/wp\/v2\/users\/4"}],"replies":[{"embeddable":true,"href":"https:\/\/fr-scv.fr\/index.php?rest_route=%2Fwp%2Fv2%2Fcomments&post=1418"}],"version-history":[{"count":20,"href":"https:\/\/fr-scv.fr\/index.php?rest_route=\/wp\/v2\/pages\/1418\/revisions"}],"predecessor-version":[{"id":1595,"href":"https:\/\/fr-scv.fr\/index.php?rest_route=\/wp\/v2\/pages\/1418\/revisions\/1595"}],"wp:attachment":[{"href":"https:\/\/fr-scv.fr\/index.php?rest_route=%2Fwp%2Fv2%2Fmedia&parent=1418"}],"curies":[{"name":"wp","href":"https:\/\/api.w.org\/{rel}","templated":true}]}}