{"id":277,"date":"2021-09-22T14:40:05","date_gmt":"2021-09-22T12:40:05","guid":{"rendered":"https:\/\/fr-scv.fr\/?page_id=277"},"modified":"2022-09-14T16:07:55","modified_gmt":"2022-09-14T14:07:55","slug":"axe-1","status":"publish","type":"page","link":"https:\/\/fr-scv.fr\/?page_id=277","title":{"rendered":"Construction historique et sociale du visuel"},"content":{"rendered":"\n<p>Aspects historiques des cultures visuelles et&nbsp; mat\u00e9rielles et leurs repr\u00e9sentations par des dispositifs num\u00e9riques<\/p>\n","protected":false},"excerpt":{"rendered":"<p>Aspects historiques des cultures visuelles et&nbsp; mat\u00e9rielles et leurs repr\u00e9sentations par des dispositifs num\u00e9riques<\/p>\n","protected":false},"author":1,"featured_media":0,"parent":257,"menu_order":0,"comment_status":"closed","ping_status":"closed","template":"","meta":{"footnotes":""},"class_list":["post-277","page","type-page","status-publish","hentry"],"_links":{"self":[{"href":"https:\/\/fr-scv.fr\/index.php?rest_route=\/wp\/v2\/pages\/277","targetHints":{"allow":["GET"]}}],"collection":[{"href":"https:\/\/fr-scv.fr\/index.php?rest_route=\/wp\/v2\/pages"}],"about":[{"href":"https:\/\/fr-scv.fr\/index.php?rest_route=\/wp\/v2\/types\/page"}],"author":[{"embeddable":true,"href":"https:\/\/fr-scv.fr\/index.php?rest_route=\/wp\/v2\/users\/1"}],"replies":[{"embeddable":true,"href":"https:\/\/fr-scv.fr\/index.php?rest_route=%2Fwp%2Fv2%2Fcomments&post=277"}],"version-history":[{"count":4,"href":"https:\/\/fr-scv.fr\/index.php?rest_route=\/wp\/v2\/pages\/277\/revisions"}],"predecessor-version":[{"id":782,"href":"https:\/\/fr-scv.fr\/index.php?rest_route=\/wp\/v2\/pages\/277\/revisions\/782"}],"up":[{"embeddable":true,"href":"https:\/\/fr-scv.fr\/index.php?rest_route=\/wp\/v2\/pages\/257"}],"wp:attachment":[{"href":"https:\/\/fr-scv.fr\/index.php?rest_route=%2Fwp%2Fv2%2Fmedia&parent=277"}],"curies":[{"name":"wp","href":"https:\/\/api.w.org\/{rel}","templated":true}]}}