{"id":292,"date":"2021-09-22T15:48:56","date_gmt":"2021-09-22T13:48:56","guid":{"rendered":"https:\/\/fr-scv.fr\/?page_id=292"},"modified":"2022-09-14T16:31:02","modified_gmt":"2022-09-14T14:31:02","slug":"equipes","status":"publish","type":"page","link":"https:\/\/fr-scv.fr\/?page_id=292","title":{"rendered":"Equipes"},"content":{"rendered":"\n<hr class=\"wp-block-separator has-css-opacity is-style-default\"\/>\n\n\n\n<p><br><\/p>\n\n\n<div class=\"wp-block-image\">\n<figure class=\"aligncenter size-full is-resized\"><img loading=\"lazy\" decoding=\"async\" src=\"http:\/\/fr-scv.fr\/wp-content\/uploads\/2021\/09\/cristal.jpg\" alt=\"\" class=\"wp-image-361\" width=\"219\" height=\"73\" srcset=\"https:\/\/fr-scv.fr\/wp-content\/uploads\/2021\/09\/cristal.jpg 474w, https:\/\/fr-scv.fr\/wp-content\/uploads\/2021\/09\/cristal-300x99.jpg 300w\" sizes=\"auto, (max-width: 219px) 100vw, 219px\" \/><\/figure>\n<\/div>\n\n\n<h2 class=\"wp-block-heading\"><br>CRIStAL [UMR 9189] CNRS \/ Universit\u00e9 de Lille \/ Centrale Lille | Centre de Recherche en Informatique, Signal et Automatique de Lille<\/h2>\n\n\n\n<p>Les activit\u00e9s de recherche de CRIStAL concernent les th\u00e9matiques li\u00e9es aux grands enjeux scientifiques et soci\u00e9taux du moment tels que : BigData, logiciel, image et ses usages, interaction homme-machine, robotique, commande et supervision de grands syst\u00e8mes, syst\u00e8mes embarqu\u00e9s intelligents, bio-informatique\u2026 avec des applications notamment dans le domaine des sciences et cultures du visuel.<br><br><a href=\"http:\/\/www.cristal.univ-lille.fr\/\" data-type=\"URL\" data-id=\"www.cristal.univ-lille.fr\/\">www.cristal.univ-lille.fr\/<\/a><br><br><\/p>\n\n\n\n<hr class=\"wp-block-separator has-css-opacity is-style-wide\"\/>\n\n\n\n<p><br><\/p>\n\n\n<div class=\"wp-block-image\">\n<figure class=\"aligncenter size-full\"><img loading=\"lazy\" decoding=\"async\" width=\"150\" height=\"59\" src=\"http:\/\/fr-scv.fr\/wp-content\/uploads\/2021\/09\/irhis.png\" alt=\"\" class=\"wp-image-362\"\/><\/figure>\n<\/div>\n\n\n<h2 class=\"wp-block-heading\"><br>IRHiS [UMR 8529] CNRS \/ Universit\u00e9 de Lille | Institut de recherches historiques du Septentrion<\/h2>\n\n\n\n<p>L\u2019IRHiS est sp\u00e9cialis\u00e9 en histoire \u00e9conomique et sociale, histoire politique et culturelle, histoire de l\u2019art et Cultures visuelles, et est engag\u00e9 depuis 2008 dans la promotion et le d\u00e9veloppement des Etudes visuelles en France.<\/p>\n\n\n\n<p><a href=\"https:\/\/irhis.univ-lille.fr\/\n\">https:\/\/irhis.univ-lille.fr\/<\/a><br><br><\/p>\n\n\n\n<hr class=\"wp-block-separator has-css-opacity is-style-wide\"\/>\n\n\n\n<p><br><\/p>\n\n\n<div class=\"wp-block-image\">\n<figure class=\"aligncenter size-full is-resized\"><img loading=\"lazy\" decoding=\"async\" src=\"http:\/\/fr-scv.fr\/wp-content\/uploads\/2021\/09\/scalab.jpg\" alt=\"\" class=\"wp-image-363\" width=\"176\" height=\"81\"\/><\/figure>\n<\/div>\n\n\n<h2 class=\"wp-block-heading\"><br>SCALab [UMR 9193] CNRS \/ Universit\u00e9 de Lille | Laboratoire Sciences Cognitives et Sciences Affectives<\/h2>\n\n\n\n<p>SCALab est un laboratoire de psychologie et neurosciences cognitives dont les recherches portent sur les processus perceptifs, cognitifs et \u00e9motionnels au niveau individuel et social, pour des populations g\u00e9n\u00e9rales et dans le domaine de la pathologie mentale et c\u00e9r\u00e9brale.<br><br><a href=\"https:\/\/scalab.univ-lille.fr\/ \">https:\/\/scalab.univ-lille.fr\/ <\/a><br><\/p>\n","protected":false},"excerpt":{"rendered":"<p>CRIStAL [UMR 9189] CNRS \/ Universit\u00e9 de Lille \/ Centrale Lille | Centre de Recherche en Informatique, Signal et Automatique de Lille Les activit\u00e9s de recherche de CRIStAL concernent les th\u00e9matiques li\u00e9es aux grands enjeux scientifiques et soci\u00e9taux du moment tels que : BigData, logiciel, image et ses usages, interaction homme-machine, robotique, commande et supervision &hellip; <\/p>\n<p class=\"link-more\"><a href=\"https:\/\/fr-scv.fr\/?page_id=292\" class=\"more-link\">Continuer la lecture<span class=\"screen-reader-text\"> de &laquo;&nbsp;Equipes&nbsp;&raquo;<\/span><\/a><\/p>\n","protected":false},"author":1,"featured_media":0,"parent":0,"menu_order":-5,"comment_status":"closed","ping_status":"closed","template":"","meta":{"footnotes":""},"class_list":["post-292","page","type-page","status-publish","hentry"],"_links":{"self":[{"href":"https:\/\/fr-scv.fr\/index.php?rest_route=\/wp\/v2\/pages\/292","targetHints":{"allow":["GET"]}}],"collection":[{"href":"https:\/\/fr-scv.fr\/index.php?rest_route=\/wp\/v2\/pages"}],"about":[{"href":"https:\/\/fr-scv.fr\/index.php?rest_route=\/wp\/v2\/types\/page"}],"author":[{"embeddable":true,"href":"https:\/\/fr-scv.fr\/index.php?rest_route=\/wp\/v2\/users\/1"}],"replies":[{"embeddable":true,"href":"https:\/\/fr-scv.fr\/index.php?rest_route=%2Fwp%2Fv2%2Fcomments&post=292"}],"version-history":[{"count":5,"href":"https:\/\/fr-scv.fr\/index.php?rest_route=\/wp\/v2\/pages\/292\/revisions"}],"predecessor-version":[{"id":805,"href":"https:\/\/fr-scv.fr\/index.php?rest_route=\/wp\/v2\/pages\/292\/revisions\/805"}],"wp:attachment":[{"href":"https:\/\/fr-scv.fr\/index.php?rest_route=%2Fwp%2Fv2%2Fmedia&parent=292"}],"curies":[{"name":"wp","href":"https:\/\/api.w.org\/{rel}","templated":true}]}}