{"id":535,"date":"2022-01-11T11:28:12","date_gmt":"2022-01-11T10:28:12","guid":{"rendered":"https:\/\/fr-scv.fr\/?page_id=535"},"modified":"2024-05-17T11:10:30","modified_gmt":"2024-05-17T09:10:30","slug":"fr-scv","status":"publish","type":"page","link":"https:\/\/fr-scv.fr\/?page_id=535","title":{"rendered":"FR-SCV"},"content":{"rendered":"\n<p class=\"has-text-align-center has-luminous-vivid-orange-color has-text-color has-link-color has-large-font-size wp-elements-b7dbe1df79dbbe3f0fb17bde050183a2\"><strong>NOTRE SITE A FAIT PEAU NEUVE. <\/strong><br><strong>RETROUVEZ-NOUS  MAINTENANT SUR <\/strong><br><strong><a href=\"https:\/\/fr-scv.univ-lille.fr\/\" target=\"_blank\" rel=\"noreferrer noopener\">https:\/\/fr-scv.univ-lille.fr\/<\/a><\/strong><\/p>\n\n\n\n<div class=\"wp-block-columns is-layout-flex wp-container-core-columns-is-layout-9d6595d7 wp-block-columns-is-layout-flex\">\n<div class=\"wp-block-column is-layout-flow wp-block-column-is-layout-flow\" style=\"flex-basis:100%\">\n<p><strong>La F\u00e9d\u00e9ration de Recherche Sciences et Cultures du Visuel<\/strong> associe des chercheurs sp\u00e9cialis\u00e9s dans l\u2019\u00e9tude historique des cultures visuelles et mat\u00e9rielles, dans la compr\u00e9hension des processus psychologiques et neuroscientifiques de la perception et de la cognition visuelle, et dans la production d\u2019outils num\u00e9riques innovants pour le traitement et la visualisation des donn\u00e9es complexes multimodales et leur m\u00e9diation culturelle.<\/p>\n<\/div>\n<\/div>\n\n\n\n<p class=\"has-luminous-vivid-orange-color has-white-background-color has-text-color has-background has-link-color has-large-font-size wp-elements-810559e9b1a1ea3c2a8bc7938497ba7a\"><\/p>\n\n\n\n<hr class=\"wp-block-separator has-text-color has-vivid-cyan-blue-color has-alpha-channel-opacity has-vivid-cyan-blue-background-color has-background\"\/>\n\n\n\n<p class=\"has-vivid-cyan-blue-color has-text-color\"> <\/p>\n\n\n\n<p><\/p>\n\n\n\n<div class=\"wp-block-columns is-layout-flex wp-container-core-columns-is-layout-9d6595d7 wp-block-columns-is-layout-flex\">\n<div class=\"wp-block-column is-layout-flow wp-block-column-is-layout-flow\">\n<figure class=\"wp-block-image size-large\"><img loading=\"lazy\" decoding=\"async\" width=\"724\" height=\"1024\" src=\"http:\/\/fr-scv.fr\/wp-content\/uploads\/2024\/04\/affiche1-724x1024.png\" alt=\"\" class=\"wp-image-1231\" srcset=\"https:\/\/fr-scv.fr\/wp-content\/uploads\/2024\/04\/affiche1-724x1024.png 724w, https:\/\/fr-scv.fr\/wp-content\/uploads\/2024\/04\/affiche1-212x300.png 212w, https:\/\/fr-scv.fr\/wp-content\/uploads\/2024\/04\/affiche1-768x1086.png 768w, https:\/\/fr-scv.fr\/wp-content\/uploads\/2024\/04\/affiche1-1086x1536.png 1086w, https:\/\/fr-scv.fr\/wp-content\/uploads\/2024\/04\/affiche1-1448x2048.png 1448w, https:\/\/fr-scv.fr\/wp-content\/uploads\/2024\/04\/affiche1.png 1902w\" sizes=\"auto, (max-width: 724px) 100vw, 724px\" \/><\/figure>\n\n\n\n<p>S&rsquo;incrire ici : https:\/\/evento.renater.fr\/survey\/journee-restitution-projets-cper-enhance-exdg8krc<\/p>\n\n\n<a class=\"wp-block-read-more\" href=\"https:\/\/fr-scv.fr\/?page_id=535\" target=\"_self\">Lire la suite<span class=\"screen-reader-text\">\u00a0: FR-SCV<\/span><\/a>\n\n\n<h2 class=\"wp-block-heading has-black-color has-text-color has-larger-font-size\" style=\"font-style:normal;font-weight:600\">Agenda<\/h2>\n\n\n\n<p>31 mai 2024 : Journ\u00e9e CPER ENHANCE <br>Restitution des projets 2023-2024 et pr\u00e9sentation des projets 2024-2025. <\/p>\n\n\n\n<p><\/p>\n<\/div>\n<\/div>\n\n\n\n<p><\/p>\n\n\n\n<hr class=\"wp-block-separator has-text-color has-vivid-cyan-blue-color has-alpha-channel-opacity has-vivid-cyan-blue-background-color has-background\"\/>\n\n\n\n<p class=\"has-regular-font-size\"><img loading=\"lazy\" decoding=\"async\" width=\"130\" height=\"128\" class=\"wp-image-1028\" style=\"width: 130px;\" src=\"http:\/\/fr-scv.fr\/wp-content\/uploads\/2023\/07\/Logotype-rouge-bleu1.png\" alt=\"\" srcset=\"https:\/\/fr-scv.fr\/wp-content\/uploads\/2023\/07\/Logotype-rouge-bleu1.png 322w, https:\/\/fr-scv.fr\/wp-content\/uploads\/2023\/07\/Logotype-rouge-bleu1-300x294.png 300w\" sizes=\"auto, (max-width: 130px) 100vw, 130px\" \/><\/p>\n\n\n\n<p class=\"has-regular-font-size\">La FR-SCV s&rsquo;implique dans le CPER ENHANCE<\/p>\n\n\n\n<h3 class=\"wp-block-heading\" id=\"offcanvas4361Label\">ENHANCEEmbedding a Human Dimension in Cultural Heritage<\/h3>\n\n\n\n<p>Le projet ENHANCE propose de d\u00e9velopper, \u00e0 partir de synergies entre sciences humaines et sociales, sciences cognitives et sciences du num\u00e9rique, une approche scientifique \u00e0 forte potentialit\u00e9 de transfert vers la soci\u00e9t\u00e9, des relations entre patrimoine culturel, histoire et cognition pla\u00e7ant l\u2019individu au c\u0153ur de la d\u00e9marche scientifique et des r\u00e9alisations technologiques. Le but est de permettre des reconstitutions num\u00e9riques r\u00e9alistes en lien avec l\u2019histoire des Hauts-de-France et interfac\u00e9es avec la TGIR national Huma-num.<\/p>\n\n\n\n<p><em>Ce CPER rejoint les axes de recherche du Hub I-Site \u00ab\u00a0Cultures, soci\u00e9t\u00e9s et pratiques&nbsp;en mutation\u00a0\u00bb.<\/em><\/p>\n\n\n\n<p><strong>Coordination :&nbsp;<\/strong>Laurent Sparrow et St\u00e9phane Michonneau<\/p>\n\n\n\n<p><strong>Etablissement principal :&nbsp;<\/strong>Universit\u00e9 de Lille<\/p>\n\n\n\n<p><strong>Partenaire :<\/strong>&nbsp;CNRS R\u00e9gion Haut de France<\/p>\n\n\n\n<p><a href=\"https:\/\/www.univ-lille.fr\/recherche\/projets-scientifiques\" target=\"_blank\" rel=\"noreferrer noopener\">https:\/\/www.univ-lille.fr\/recherche\/projets-scientifiques<\/a><\/p>\n\n\n\n<p><\/p>\n\n\n\n<p><\/p>\n","protected":false},"excerpt":{"rendered":"<p>NOTRE SITE A FAIT PEAU NEUVE. RETROUVEZ-NOUS MAINTENANT SUR https:\/\/fr-scv.univ-lille.fr\/ La F\u00e9d\u00e9ration de Recherche Sciences et Cultures du Visuel associe des chercheurs sp\u00e9cialis\u00e9s dans l\u2019\u00e9tude historique des cultures visuelles et mat\u00e9rielles, dans la compr\u00e9hension des processus psychologiques et neuroscientifiques de la perception et de la cognition visuelle, et dans la production d\u2019outils num\u00e9riques innovants pour &hellip; <\/p>\n<p class=\"link-more\"><a href=\"https:\/\/fr-scv.fr\/?page_id=535\" class=\"more-link\">Continuer la lecture<span class=\"screen-reader-text\"> de &laquo;&nbsp;FR-SCV&nbsp;&raquo;<\/span><\/a><\/p>\n","protected":false},"author":3,"featured_media":0,"parent":0,"menu_order":0,"comment_status":"closed","ping_status":"closed","template":"","meta":{"footnotes":""},"class_list":["post-535","page","type-page","status-publish","hentry"],"_links":{"self":[{"href":"https:\/\/fr-scv.fr\/index.php?rest_route=\/wp\/v2\/pages\/535","targetHints":{"allow":["GET"]}}],"collection":[{"href":"https:\/\/fr-scv.fr\/index.php?rest_route=\/wp\/v2\/pages"}],"about":[{"href":"https:\/\/fr-scv.fr\/index.php?rest_route=\/wp\/v2\/types\/page"}],"author":[{"embeddable":true,"href":"https:\/\/fr-scv.fr\/index.php?rest_route=\/wp\/v2\/users\/3"}],"replies":[{"embeddable":true,"href":"https:\/\/fr-scv.fr\/index.php?rest_route=%2Fwp%2Fv2%2Fcomments&post=535"}],"version-history":[{"count":121,"href":"https:\/\/fr-scv.fr\/index.php?rest_route=\/wp\/v2\/pages\/535\/revisions"}],"predecessor-version":[{"id":1264,"href":"https:\/\/fr-scv.fr\/index.php?rest_route=\/wp\/v2\/pages\/535\/revisions\/1264"}],"wp:attachment":[{"href":"https:\/\/fr-scv.fr\/index.php?rest_route=%2Fwp%2Fv2%2Fmedia&parent=535"}],"curies":[{"name":"wp","href":"https:\/\/api.w.org\/{rel}","templated":true}]}}